{"id":926,"date":"2021-09-02T10:47:22","date_gmt":"2021-09-02T08:47:22","guid":{"rendered":"https:\/\/imperialcnc.pl\/?page_id=926"},"modified":"2023-03-23T21:37:48","modified_gmt":"2023-03-23T20:37:48","slug":"contact","status":"publish","type":"page","link":"https:\/\/imperialcnc.pl\/en\/about-us\/contact\/","title":{"rendered":"Contact"},"content":{"rendered":"\t\t<div data-elementor-type=\"wp-page\" data-elementor-id=\"926\" class=\"elementor elementor-926 elementor-34\" data-elementor-post-type=\"page\">\n\t\t\t\t\t\t<section class=\"elementor-section elementor-top-section elementor-element elementor-element-79a05e5b elementor-section-full_width elementor-section-height-min-height elementor-section-items-stretch elementor-section-content-middle elementor-section-height-default\" data-id=\"79a05e5b\" data-element_type=\"section\" data-e-type=\"section\" data-settings=\"{&quot;background_background&quot;:&quot;none&quot;}\">\n\t\t\t\t\t\t<div class=\"elementor-container elementor-column-gap-no\">\n\t\t\t\t\t<div class=\"elementor-column elementor-col-50 elementor-top-column elementor-element elementor-element-6c6fa329\" data-id=\"6c6fa329\" data-element_type=\"column\" data-e-type=\"column\" data-settings=\"{&quot;background_background&quot;:&quot;classic&quot;}\">\n\t\t\t<div class=\"elementor-widget-wrap elementor-element-populated\">\n\t\t\t\t\t\t<div class=\"elementor-element elementor-element-5fd10b4b elementor-widget elementor-widget-heading\" data-id=\"5fd10b4b\" data-element_type=\"widget\" data-e-type=\"widget\" data-widget_type=\"heading.default\">\n\t\t\t\t<div class=\"elementor-widget-container\">\n\t\t\t\t\t<h3 class=\"elementor-heading-title elementor-size-default\">Contact us<\/h3>\t\t\t\t<\/div>\n\t\t\t\t<\/div>\n\t\t\t\t<div class=\"elementor-element elementor-element-12946a9d elementor-widget-divider--view-line elementor-widget elementor-widget-divider\" data-id=\"12946a9d\" data-element_type=\"widget\" data-e-type=\"widget\" data-widget_type=\"divider.default\">\n\t\t\t\t<div class=\"elementor-widget-container\">\n\t\t\t\t\t\t\t<div class=\"elementor-divider\">\n\t\t\t<span class=\"elementor-divider-separator\">\n\t\t\t\t\t\t<\/span>\n\t\t<\/div>\n\t\t\t\t\t\t<\/div>\n\t\t\t\t<\/div>\n\t\t\t\t<div class=\"elementor-element elementor-element-26f2558d elementor-mobile-align-center elementor-align-start elementor-icon-list--layout-traditional elementor-list-item-link-full_width elementor-widget elementor-widget-icon-list\" data-id=\"26f2558d\" data-element_type=\"widget\" data-e-type=\"widget\" data-widget_type=\"icon-list.default\">\n\t\t\t\t<div class=\"elementor-widget-container\">\n\t\t\t\t\t\t\t<ul class=\"elementor-icon-list-items\">\n\t\t\t\t\t\t\t<li class=\"elementor-icon-list-item\">\n\t\t\t\t\t\t\t\t\t\t\t<span class=\"elementor-icon-list-icon\">\n\t\t\t\t\t\t\t<i aria-hidden=\"true\" class=\"far fa-address-card\"><\/i>\t\t\t\t\t\t<\/span>\n\t\t\t\t\t\t\t\t\t\t<span class=\"elementor-icon-list-text\"><b>Imperial Sp. z o.o.<\/b><br>ul. Ko\u0142obrzeska 8e<br>78-200 Bia\u0142ogard<br>Poland<\/span>\n\t\t\t\t\t\t\t\t\t<\/li>\n\t\t\t\t\t\t\t\t<li class=\"elementor-icon-list-item\">\n\t\t\t\t\t\t\t\t\t\t\t<a href=\"tel:0048512496930\">\n\n\t\t\t\t\t\t\t\t\t\t\t\t<span class=\"elementor-icon-list-icon\">\n\t\t\t\t\t\t\t<i aria-hidden=\"true\" class=\"fas fa-phone\"><\/i>\t\t\t\t\t\t<\/span>\n\t\t\t\t\t\t\t\t\t\t<span class=\"elementor-icon-list-text\">+48 512 496 930<\/span>\n\t\t\t\t\t\t\t\t\t\t\t<\/a>\n\t\t\t\t\t\t\t\t\t<\/li>\n\t\t\t\t\t\t\t\t<li class=\"elementor-icon-list-item\">\n\t\t\t\t\t\t\t\t\t\t\t<a href=\"mailto:uslugi@imperial.pl\">\n\n\t\t\t\t\t\t\t\t\t\t\t\t<span class=\"elementor-icon-list-icon\">\n\t\t\t\t\t\t\t<i aria-hidden=\"true\" class=\"far fa-envelope\"><\/i>\t\t\t\t\t\t<\/span>\n\t\t\t\t\t\t\t\t\t\t<span class=\"elementor-icon-list-text\">uslugi@imperial.pl<\/span>\n\t\t\t\t\t\t\t\t\t\t\t<\/a>\n\t\t\t\t\t\t\t\t\t<\/li>\n\t\t\t\t\t\t<\/ul>\n\t\t\t\t\t\t<\/div>\n\t\t\t\t<\/div>\n\t\t\t\t\t<\/div>\n\t\t<\/div>\n\t\t\t\t<div class=\"elementor-column elementor-col-50 elementor-top-column elementor-element elementor-element-54413a21\" data-id=\"54413a21\" data-element_type=\"column\" data-e-type=\"column\" data-settings=\"{&quot;background_background&quot;:&quot;classic&quot;}\">\n\t\t\t<div class=\"elementor-widget-wrap elementor-element-populated\">\n\t\t\t\t\t\t<div class=\"elementor-element elementor-element-4e85bd89 elementor-button-align-stretch elementor-widget elementor-widget-form\" data-id=\"4e85bd89\" data-element_type=\"widget\" data-e-type=\"widget\" data-settings=\"{&quot;step_next_label&quot;:&quot;Next&quot;,&quot;step_previous_label&quot;:&quot;Previous&quot;,&quot;button_width&quot;:&quot;100&quot;,&quot;step_type&quot;:&quot;number_text&quot;,&quot;step_icon_shape&quot;:&quot;circle&quot;}\" data-widget_type=\"form.default\">\n\t\t\t\t<div class=\"elementor-widget-container\">\n\t\t\t\t\t\t\t<form class=\"elementor-form\" method=\"post\" name=\"Sample Form\">\n\t\t\t<input type=\"hidden\" name=\"post_id\" value=\"926\"\/>\n\t\t\t<input type=\"hidden\" name=\"form_id\" value=\"4e85bd89\"\/>\n\t\t\t<input type=\"hidden\" name=\"referer_title\" value=\"Contact &#8212; Obr\u00f3bka mechaniczna, malowanie proszkowe - Imperial CNC\" \/>\n\n\t\t\t\t\t\t\t<input type=\"hidden\" name=\"queried_id\" value=\"926\"\/>\n\t\t\t\n\t\t\t<div class=\"elementor-form-fields-wrapper elementor-labels-\">\n\t\t\t\t\t\t\t\t<div class=\"elementor-field-type-text elementor-field-group elementor-column elementor-field-group-qi8lqp1 elementor-col-33\">\n\t\t\t\t\t\t\t\t\t\t\t\t<label for=\"form-field-qi8lqp1\" class=\"elementor-field-label elementor-screen-only\">\n\t\t\t\t\t\t\t\tName\t\t\t\t\t\t\t<\/label>\n\t\t\t\t\t\t\t\t\t\t\t\t\t\t<input size=\"1\" type=\"text\" name=\"form_fields[qi8lqp1]\" id=\"form-field-qi8lqp1\" class=\"elementor-field elementor-size-md  elementor-field-textual\" placeholder=\"Name\">\n\t\t\t\t\t\t\t\t\t\t\t<\/div>\n\t\t\t\t\t\t\t\t<div class=\"elementor-field-type-email elementor-field-group elementor-column elementor-field-group-8b28ttw elementor-col-33 elementor-field-required\">\n\t\t\t\t\t\t\t\t\t\t\t\t<label for=\"form-field-8b28ttw\" class=\"elementor-field-label elementor-screen-only\">\n\t\t\t\t\t\t\t\tEmail\t\t\t\t\t\t\t<\/label>\n\t\t\t\t\t\t\t\t\t\t\t\t\t\t<input size=\"1\" type=\"email\" name=\"form_fields[8b28ttw]\" id=\"form-field-8b28ttw\" class=\"elementor-field elementor-size-md  elementor-field-textual\" placeholder=\"Email\" required=\"required\">\n\t\t\t\t\t\t\t\t\t\t\t<\/div>\n\t\t\t\t\t\t\t\t<div class=\"elementor-field-type-tel elementor-field-group elementor-column elementor-field-group-2gd0qrk elementor-col-33\">\n\t\t\t\t\t\t\t\t\t\t\t\t<label for=\"form-field-2gd0qrk\" class=\"elementor-field-label elementor-screen-only\">\n\t\t\t\t\t\t\t\tPhone\t\t\t\t\t\t\t<\/label>\n\t\t\t\t\t\t\t\t<input size=\"1\" type=\"tel\" name=\"form_fields[2gd0qrk]\" id=\"form-field-2gd0qrk\" class=\"elementor-field elementor-size-md  elementor-field-textual\" placeholder=\"Phone\" pattern=\"[0-9()#&amp;+*-=.]+\" title=\"Only numbers and phone characters (#, -, *, etc) are accepted.\">\n\n\t\t\t\t\t\t<\/div>\n\t\t\t\t\t\t\t\t<div class=\"elementor-field-type-textarea elementor-field-group elementor-column elementor-field-group-1qsba9v elementor-col-100\">\n\t\t\t\t\t\t\t\t\t\t\t\t<label for=\"form-field-1qsba9v\" class=\"elementor-field-label elementor-screen-only\">\n\t\t\t\t\t\t\t\tMessage\t\t\t\t\t\t\t<\/label>\n\t\t\t\t\t\t<textarea class=\"elementor-field-textual elementor-field  elementor-size-md\" name=\"form_fields[1qsba9v]\" id=\"form-field-1qsba9v\" rows=\"6\" placeholder=\"Message\"><\/textarea>\t\t\t\t<\/div>\n\t\t\t\t\t\t\t\t<div class=\"elementor-field-type-recaptcha elementor-field-group elementor-column elementor-field-group-field_28f52b2 elementor-col-100\">\n\t\t\t\t\t<div class=\"elementor-field\" id=\"form-field-field_28f52b2\"><div class=\"elementor-g-recaptcha\" data-sitekey=\"6LelIAwcAAAAAGGByN9JEHt3TSbsmx_ORkyStgYV\" data-type=\"v2_checkbox\" data-theme=\"light\" data-size=\"normal\"><\/div><\/div>\t\t\t\t<\/div>\n\t\t\t\t\t\t\t\t<div class=\"elementor-field-group elementor-column elementor-field-type-submit elementor-col-100 e-form__buttons\">\n\t\t\t\t\t<button class=\"elementor-button elementor-size-md\" type=\"submit\">\n\t\t\t\t\t\t<span class=\"elementor-button-content-wrapper\">\n\t\t\t\t\t\t\t\t\t\t\t\t\t\t\t\t\t\t\t\t\t\t<span class=\"elementor-button-text\">Send<\/span>\n\t\t\t\t\t\t\t\t\t\t\t\t\t<\/span>\n\t\t\t\t\t<\/button>\n\t\t\t\t<\/div>\n\t\t\t<\/div>\n\t\t<\/form>\n\t\t\t\t\t\t<\/div>\n\t\t\t\t<\/div>\n\t\t\t\t\t<\/div>\n\t\t<\/div>\n\t\t\t\t\t<\/div>\n\t\t<\/section>\n\t\t\t\t<section class=\"elementor-section elementor-top-section elementor-element elementor-element-271b02f elementor-section-full_width elementor-section-height-default elementor-section-height-default elementor-invisible\" data-id=\"271b02f\" data-element_type=\"section\" data-e-type=\"section\" data-settings=\"{&quot;animation&quot;:&quot;fadeIn&quot;}\">\n\t\t\t\t\t\t<div class=\"elementor-container elementor-column-gap-default\">\n\t\t\t\t\t<div class=\"elementor-column elementor-col-100 elementor-top-column elementor-element elementor-element-58ccabe\" data-id=\"58ccabe\" data-element_type=\"column\" data-e-type=\"column\">\n\t\t\t<div class=\"elementor-widget-wrap elementor-element-populated\">\n\t\t\t\t\t\t<div class=\"elementor-element elementor-element-a842d2f elementor-widget elementor-widget-google_maps\" data-id=\"a842d2f\" data-element_type=\"widget\" data-e-type=\"widget\" data-widget_type=\"google_maps.default\">\n\t\t\t\t<div class=\"elementor-widget-container\">\n\t\t\t\t\t\t\t<div class=\"elementor-custom-embed\">\n\t\t\t<iframe loading=\"lazy\"\n\t\t\t\t\tsrc=\"https:\/\/maps.google.com\/maps?q=Bia%C5%82ogard%2C%20ko%C5%82obrzeska%208e&#038;t=m&#038;z=16&#038;output=embed&#038;iwloc=near\"\n\t\t\t\t\ttitle=\"Bia\u0142ogard, ko\u0142obrzeska 8e\"\n\t\t\t\t\taria-label=\"Bia\u0142ogard, ko\u0142obrzeska 8e\"\n\t\t\t><\/iframe>\n\t\t<\/div>\n\t\t\t\t\t\t<\/div>\n\t\t\t\t<\/div>\n\t\t\t\t\t<\/div>\n\t\t<\/div>\n\t\t\t\t\t<\/div>\n\t\t<\/section>\n\t\t\t\t<\/div>\n\t\t","protected":false},"excerpt":{"rendered":"<p>Contact us Imperial Sp. z o.o.ul. Ko\u0142obrzeska 8e78-200 Bia\u0142ogardPoland +48 512 496 930 uslugi@imperial.pl<\/p>\n","protected":false},"author":1,"featured_media":0,"parent":931,"menu_order":0,"comment_status":"closed","ping_status":"closed","template":"","meta":{"footnotes":""},"class_list":["post-926","page","type-page","status-publish","hentry"],"yoast_head":"<!-- This site is optimized with the Yoast SEO plugin v27.5 - https:\/\/yoast.com\/product\/yoast-seo-wordpress\/ -->\n<title>Contact &#8212; Obr\u00f3bka mechaniczna, malowanie proszkowe - Imperial CNC<\/title>\n<meta name=\"robots\" content=\"index, follow, max-snippet:-1, max-image-preview:large, max-video-preview:-1\" \/>\n<link rel=\"canonical\" href=\"https:\/\/imperialcnc.pl\/en\/about-us\/contact\/\" \/>\n<meta property=\"og:locale\" content=\"en_US\" \/>\n<meta property=\"og:type\" content=\"article\" \/>\n<meta property=\"og:title\" content=\"Contact &#8212; Obr\u00f3bka mechaniczna, malowanie proszkowe - Imperial CNC\" \/>\n<meta property=\"og:description\" content=\"Contact us Imperial Sp. z o.o.ul. Ko\u0142obrzeska 8e78-200 Bia\u0142ogardPoland +48 512 496 930 uslugi@imperial.pl\" \/>\n<meta property=\"og:url\" content=\"https:\/\/imperialcnc.pl\/en\/about-us\/contact\/\" \/>\n<meta property=\"og:site_name\" content=\"Obr\u00f3bka mechaniczna, malowanie proszkowe - Imperial CNC\" \/>\n<meta property=\"article:publisher\" content=\"https:\/\/www.facebook.com\/imperialcncpl\" \/>\n<meta property=\"article:modified_time\" content=\"2023-03-23T20:37:48+00:00\" \/>\n<meta name=\"twitter:card\" content=\"summary_large_image\" \/>\n<meta name=\"twitter:label1\" content=\"Est. reading time\" \/>\n\t<meta name=\"twitter:data1\" content=\"1 minute\" \/>\n<script type=\"application\/ld+json\" class=\"yoast-schema-graph\">{\"@context\":\"https:\\\/\\\/schema.org\",\"@graph\":[{\"@type\":\"WebPage\",\"@id\":\"https:\\\/\\\/imperialcnc.pl\\\/en\\\/about-us\\\/contact\\\/\",\"url\":\"https:\\\/\\\/imperialcnc.pl\\\/en\\\/about-us\\\/contact\\\/\",\"name\":\"Contact &#8212; Obr\u00f3bka mechaniczna, malowanie proszkowe - Imperial CNC\",\"isPartOf\":{\"@id\":\"https:\\\/\\\/imperialcnc.pl\\\/en\\\/#website\"},\"datePublished\":\"2021-09-02T08:47:22+00:00\",\"dateModified\":\"2023-03-23T20:37:48+00:00\",\"breadcrumb\":{\"@id\":\"https:\\\/\\\/imperialcnc.pl\\\/en\\\/about-us\\\/contact\\\/#breadcrumb\"},\"inLanguage\":\"en-US\",\"potentialAction\":[{\"@type\":\"ReadAction\",\"target\":[\"https:\\\/\\\/imperialcnc.pl\\\/en\\\/about-us\\\/contact\\\/\"]}]},{\"@type\":\"BreadcrumbList\",\"@id\":\"https:\\\/\\\/imperialcnc.pl\\\/en\\\/about-us\\\/contact\\\/#breadcrumb\",\"itemListElement\":[{\"@type\":\"ListItem\",\"position\":1,\"name\":\"Home\",\"item\":\"https:\\\/\\\/imperialcnc.pl\\\/en\\\/homepage\\\/\"},{\"@type\":\"ListItem\",\"position\":2,\"name\":\"About us\",\"item\":\"https:\\\/\\\/imperialcnc.pl\\\/en\\\/about-us\\\/\"},{\"@type\":\"ListItem\",\"position\":3,\"name\":\"Contact\"}]},{\"@type\":\"WebSite\",\"@id\":\"https:\\\/\\\/imperialcnc.pl\\\/en\\\/#website\",\"url\":\"https:\\\/\\\/imperialcnc.pl\\\/en\\\/\",\"name\":\"Obr\u00f3bka mechaniczna, malowanie proszkowe - Imperial CNC\",\"description\":\"Park maszynowy\",\"publisher\":{\"@id\":\"https:\\\/\\\/imperialcnc.pl\\\/en\\\/#organization\"},\"alternateName\":\"Park maszynowy CNC\",\"potentialAction\":[{\"@type\":\"SearchAction\",\"target\":{\"@type\":\"EntryPoint\",\"urlTemplate\":\"https:\\\/\\\/imperialcnc.pl\\\/en\\\/?s={search_term_string}\"},\"query-input\":{\"@type\":\"PropertyValueSpecification\",\"valueRequired\":true,\"valueName\":\"search_term_string\"}}],\"inLanguage\":\"en-US\"},{\"@type\":\"Organization\",\"@id\":\"https:\\\/\\\/imperialcnc.pl\\\/en\\\/#organization\",\"name\":\"Imperial CNC\",\"url\":\"https:\\\/\\\/imperialcnc.pl\\\/en\\\/\",\"logo\":{\"@type\":\"ImageObject\",\"inLanguage\":\"en-US\",\"@id\":\"https:\\\/\\\/imperialcnc.pl\\\/en\\\/#\\\/schema\\\/logo\\\/image\\\/\",\"url\":\"https:\\\/\\\/imperialcnc.pl\\\/wp-content\\\/uploads\\\/2021\\\/08\\\/cropped-logo-imperial-cnc-png.png\",\"contentUrl\":\"https:\\\/\\\/imperialcnc.pl\\\/wp-content\\\/uploads\\\/2021\\\/08\\\/cropped-logo-imperial-cnc-png.png\",\"width\":400,\"height\":96,\"caption\":\"Imperial CNC\"},\"image\":{\"@id\":\"https:\\\/\\\/imperialcnc.pl\\\/en\\\/#\\\/schema\\\/logo\\\/image\\\/\"},\"sameAs\":[\"https:\\\/\\\/www.facebook.com\\\/imperialcncpl\",\"https:\\\/\\\/www.instagram.com\\\/imperialcnc\\\/\"]}]}<\/script>\n<!-- \/ Yoast SEO plugin. -->","yoast_head_json":{"title":"Contact &#8212; Obr\u00f3bka mechaniczna, malowanie proszkowe - Imperial CNC","robots":{"index":"index","follow":"follow","max-snippet":"max-snippet:-1","max-image-preview":"max-image-preview:large","max-video-preview":"max-video-preview:-1"},"canonical":"https:\/\/imperialcnc.pl\/en\/about-us\/contact\/","og_locale":"en_US","og_type":"article","og_title":"Contact &#8212; Obr\u00f3bka mechaniczna, malowanie proszkowe - Imperial CNC","og_description":"Contact us Imperial Sp. z o.o.ul. Ko\u0142obrzeska 8e78-200 Bia\u0142ogardPoland +48 512 496 930 uslugi@imperial.pl","og_url":"https:\/\/imperialcnc.pl\/en\/about-us\/contact\/","og_site_name":"Obr\u00f3bka mechaniczna, malowanie proszkowe - Imperial CNC","article_publisher":"https:\/\/www.facebook.com\/imperialcncpl","article_modified_time":"2023-03-23T20:37:48+00:00","twitter_card":"summary_large_image","twitter_misc":{"Est. reading time":"1 minute"},"schema":{"@context":"https:\/\/schema.org","@graph":[{"@type":"WebPage","@id":"https:\/\/imperialcnc.pl\/en\/about-us\/contact\/","url":"https:\/\/imperialcnc.pl\/en\/about-us\/contact\/","name":"Contact &#8212; Obr\u00f3bka mechaniczna, malowanie proszkowe - Imperial CNC","isPartOf":{"@id":"https:\/\/imperialcnc.pl\/en\/#website"},"datePublished":"2021-09-02T08:47:22+00:00","dateModified":"2023-03-23T20:37:48+00:00","breadcrumb":{"@id":"https:\/\/imperialcnc.pl\/en\/about-us\/contact\/#breadcrumb"},"inLanguage":"en-US","potentialAction":[{"@type":"ReadAction","target":["https:\/\/imperialcnc.pl\/en\/about-us\/contact\/"]}]},{"@type":"BreadcrumbList","@id":"https:\/\/imperialcnc.pl\/en\/about-us\/contact\/#breadcrumb","itemListElement":[{"@type":"ListItem","position":1,"name":"Home","item":"https:\/\/imperialcnc.pl\/en\/homepage\/"},{"@type":"ListItem","position":2,"name":"About us","item":"https:\/\/imperialcnc.pl\/en\/about-us\/"},{"@type":"ListItem","position":3,"name":"Contact"}]},{"@type":"WebSite","@id":"https:\/\/imperialcnc.pl\/en\/#website","url":"https:\/\/imperialcnc.pl\/en\/","name":"Obr\u00f3bka mechaniczna, malowanie proszkowe - Imperial CNC","description":"Park maszynowy","publisher":{"@id":"https:\/\/imperialcnc.pl\/en\/#organization"},"alternateName":"Park maszynowy CNC","potentialAction":[{"@type":"SearchAction","target":{"@type":"EntryPoint","urlTemplate":"https:\/\/imperialcnc.pl\/en\/?s={search_term_string}"},"query-input":{"@type":"PropertyValueSpecification","valueRequired":true,"valueName":"search_term_string"}}],"inLanguage":"en-US"},{"@type":"Organization","@id":"https:\/\/imperialcnc.pl\/en\/#organization","name":"Imperial CNC","url":"https:\/\/imperialcnc.pl\/en\/","logo":{"@type":"ImageObject","inLanguage":"en-US","@id":"https:\/\/imperialcnc.pl\/en\/#\/schema\/logo\/image\/","url":"https:\/\/imperialcnc.pl\/wp-content\/uploads\/2021\/08\/cropped-logo-imperial-cnc-png.png","contentUrl":"https:\/\/imperialcnc.pl\/wp-content\/uploads\/2021\/08\/cropped-logo-imperial-cnc-png.png","width":400,"height":96,"caption":"Imperial CNC"},"image":{"@id":"https:\/\/imperialcnc.pl\/en\/#\/schema\/logo\/image\/"},"sameAs":["https:\/\/www.facebook.com\/imperialcncpl","https:\/\/www.instagram.com\/imperialcnc\/"]}]}},"_links":{"self":[{"href":"https:\/\/imperialcnc.pl\/en\/wp-json\/wp\/v2\/pages\/926","targetHints":{"allow":["GET"]}}],"collection":[{"href":"https:\/\/imperialcnc.pl\/en\/wp-json\/wp\/v2\/pages"}],"about":[{"href":"https:\/\/imperialcnc.pl\/en\/wp-json\/wp\/v2\/types\/page"}],"author":[{"embeddable":true,"href":"https:\/\/imperialcnc.pl\/en\/wp-json\/wp\/v2\/users\/1"}],"replies":[{"embeddable":true,"href":"https:\/\/imperialcnc.pl\/en\/wp-json\/wp\/v2\/comments?post=926"}],"version-history":[{"count":10,"href":"https:\/\/imperialcnc.pl\/en\/wp-json\/wp\/v2\/pages\/926\/revisions"}],"predecessor-version":[{"id":4384,"href":"https:\/\/imperialcnc.pl\/en\/wp-json\/wp\/v2\/pages\/926\/revisions\/4384"}],"up":[{"embeddable":true,"href":"https:\/\/imperialcnc.pl\/en\/wp-json\/wp\/v2\/pages\/931"}],"wp:attachment":[{"href":"https:\/\/imperialcnc.pl\/en\/wp-json\/wp\/v2\/media?parent=926"}],"curies":[{"name":"wp","href":"https:\/\/api.w.org\/{rel}","templated":true}]}}